{"id":14,"date":"2025-05-20T17:43:30","date_gmt":"2025-05-20T17:43:30","guid":{"rendered":"https:\/\/raioxprox.com.br\/site\/?page_id=14"},"modified":"2026-02-10T19:40:58","modified_gmt":"2026-02-10T19:40:58","slug":"quem-somos","status":"publish","type":"page","link":"https:\/\/raioxprox.com.br\/site\/quem-somos\/","title":{"rendered":"Quem Somos"},"content":{"rendered":"\t\t<div data-elementor-type=\"wp-page\" data-elementor-id=\"14\" class=\"elementor elementor-14\" data-elementor-settings=\"{&quot;ha_cmc_init_switcher&quot;:&quot;no&quot;}\">\n\t\t\t\t<div class=\"elementor-element elementor-element-d47dc8e e-flex e-con-boxed wpr-particle-no wpr-jarallax-no wpr-parallax-no wpr-sticky-section-no e-con e-parent\" data-id=\"d47dc8e\" data-element_type=\"container\" data-e-type=\"container\" data-settings=\"{&quot;_ha_eqh_enable&quot;:false}\">\n\t\t\t\t\t<div class=\"e-con-inner\">\n\t\t\t\t<div class=\"elementor-element elementor-element-856ef6f elementor-widget elementor-widget-heading\" data-id=\"856ef6f\" data-element_type=\"widget\" data-e-type=\"widget\" data-widget_type=\"heading.default\">\n\t\t\t\t<div class=\"elementor-widget-container\">\n\t\t\t\t\t<h2 class=\"elementor-heading-title elementor-size-default\">Quem somos<\/h2>\t\t\t\t<\/div>\n\t\t\t\t<\/div>\n\t\t<div class=\"elementor-element elementor-element-456636f e-flex e-con-boxed wpr-particle-no wpr-jarallax-no wpr-parallax-no wpr-sticky-section-no e-con e-child\" data-id=\"456636f\" data-element_type=\"container\" data-e-type=\"container\" data-settings=\"{&quot;_ha_eqh_enable&quot;:false}\">\n\t\t\t\t\t<div class=\"e-con-inner\">\n\t\t\t\t<div class=\"elementor-element elementor-element-4efafb7 elementor-widget__width-initial elementor-widget-mobile__width-initial elementor-widget elementor-widget-text-editor\" data-id=\"4efafb7\" data-element_type=\"widget\" data-e-type=\"widget\" data-widget_type=\"text-editor.default\">\n\t\t\t\t<div class=\"elementor-widget-container\">\n\t\t\t\t\t\t\t\t\t<p>A <strong>Pro-X<\/strong> se destaca como uma das principais fabricantes de equipamentos odontol\u00f3gicos, especializada em tecnologias avan\u00e7adas de Raio-X. Com s\u00f3lida atua\u00e7\u00e3o no mercado brasileiro, a empresa \u00e9 reconhecida por atender os mais exigentes profissionais e institui\u00e7\u00f5es do setor. Seus produtos aliam <strong>alta precis\u00e3o, confiabilidade e um criterioso padr\u00e3o de qualidade.<\/strong> Cada solu\u00e7\u00e3o \u00e9 projetada para oferecer alto desempenho, assegurando praticidade e seguran\u00e7a na rotina cl\u00ednica dos especialistas.<\/p>\t\t\t\t\t\t\t\t<\/div>\n\t\t\t\t<\/div>\n\t\t\t\t<div class=\"elementor-element elementor-element-e3d5024 elementor-widget__width-initial elementor-widget-mobile__width-initial elementor-widget elementor-widget-text-editor\" data-id=\"e3d5024\" data-element_type=\"widget\" data-e-type=\"widget\" data-widget_type=\"text-editor.default\">\n\t\t\t\t<div class=\"elementor-widget-container\">\n\t\t\t\t\t\t\t\t\t<p>Dedicada \u00e0 excel\u00eancia em todas as etapas, a <strong>Pro-X<\/strong> aposta constantemente em tecnologia de ponta para garantir que seus equipamentos superem as expectativas do mercado.<\/p><p>Com uma linha de produtos que combina <strong>alta performance, resist\u00eancia<\/strong> e <strong>excelente rela\u00e7\u00e3o custo-benef\u00edcio,<\/strong> a empresa se consolida como aliada indispens\u00e1vel para cl\u00ednicas e profissionais que priorizam qualidade e efici\u00eancia na radiologia odontol\u00f3gica.<\/p>\t\t\t\t\t\t\t\t<\/div>\n\t\t\t\t<\/div>\n\t\t\t\t\t<\/div>\n\t\t\t\t<\/div>\n\t\t\t\t\t<\/div>\n\t\t\t\t<\/div>\n\t\t<div class=\"elementor-element elementor-element-bb63f41 e-flex e-con-boxed wpr-particle-no wpr-jarallax-no wpr-parallax-no wpr-sticky-section-no e-con e-parent\" data-id=\"bb63f41\" data-element_type=\"container\" data-e-type=\"container\" data-settings=\"{&quot;_ha_eqh_enable&quot;:false}\">\n\t\t\t\t\t<div class=\"e-con-inner\">\n\t\t<div class=\"elementor-element elementor-element-de14454 e-flex e-con-boxed wpr-particle-no wpr-jarallax-no wpr-parallax-no wpr-sticky-section-no e-con e-child\" data-id=\"de14454\" data-element_type=\"container\" data-e-type=\"container\" data-settings=\"{&quot;_ha_eqh_enable&quot;:false}\">\n\t\t\t\t\t<div class=\"e-con-inner\">\n\t\t\t\t<div class=\"elementor-element elementor-element-665bcb3 elementor-widget__width-initial elementor-widget elementor-widget-heading\" data-id=\"665bcb3\" data-element_type=\"widget\" data-e-type=\"widget\" data-widget_type=\"heading.default\">\n\t\t\t\t<div class=\"elementor-widget-container\">\n\t\t\t\t\t<h2 class=\"elementor-heading-title elementor-size-default\">miss\u00e3o<\/h2>\t\t\t\t<\/div>\n\t\t\t\t<\/div>\n\t\t\t\t<div class=\"elementor-element elementor-element-0cdfff9 elementor-widget__width-initial elementor-widget elementor-widget-text-editor\" data-id=\"0cdfff9\" data-element_type=\"widget\" data-e-type=\"widget\" data-widget_type=\"text-editor.default\">\n\t\t\t\t<div class=\"elementor-widget-container\">\n\t\t\t\t\t\t\t\t\t<p data-start=\"108\" data-end=\"275\">Atender e superar as expectativas de nossos clientes e parceiros, fornecendo produtos com a qualidade Pro-X. Atuar com <strong>respeito, responsabilidade social e ambiental.<\/strong><\/p>\t\t\t\t\t\t\t\t<\/div>\n\t\t\t\t<\/div>\n\t\t\t\t\t<\/div>\n\t\t\t\t<\/div>\n\t\t<div class=\"elementor-element elementor-element-9e095b7 e-flex e-con-boxed wpr-particle-no wpr-jarallax-no wpr-parallax-no wpr-sticky-section-no e-con e-child\" data-id=\"9e095b7\" data-element_type=\"container\" data-e-type=\"container\" data-settings=\"{&quot;_ha_eqh_enable&quot;:false}\">\n\t\t\t\t\t<div class=\"e-con-inner\">\n\t\t\t\t<div class=\"elementor-element elementor-element-857b852 elementor-widget__width-initial elementor-widget elementor-widget-heading\" data-id=\"857b852\" data-element_type=\"widget\" data-e-type=\"widget\" data-widget_type=\"heading.default\">\n\t\t\t\t<div class=\"elementor-widget-container\">\n\t\t\t\t\t<h2 class=\"elementor-heading-title elementor-size-default\">vis\u00e3o<\/h2>\t\t\t\t<\/div>\n\t\t\t\t<\/div>\n\t\t\t\t<div class=\"elementor-element elementor-element-f529f3d elementor-widget__width-initial elementor-widget elementor-widget-text-editor\" data-id=\"f529f3d\" data-element_type=\"widget\" data-e-type=\"widget\" data-widget_type=\"text-editor.default\">\n\t\t\t\t<div class=\"elementor-widget-container\">\n\t\t\t\t\t\t\t\t\t<p data-start=\"108\" data-end=\"275\">Ser reconhecida como uma das empresas de raio-X odontol\u00f3gico <strong>mais not\u00e1veis do mercado,<\/strong> com o compromisso de <strong>melhoria cont\u00ednua<\/strong> de nossos produtos, <strong>sustentabilidade, respeito e rentabilidade<\/strong> em nossos neg\u00f3cios, buscando sempre comercializar equipamentos de alto padr\u00e3o de qualidade.<\/p>\t\t\t\t\t\t\t\t<\/div>\n\t\t\t\t<\/div>\n\t\t\t\t\t<\/div>\n\t\t\t\t<\/div>\n\t\t\t\t\t<\/div>\n\t\t\t\t<\/div>\n\t\t<div class=\"elementor-element elementor-element-91752df e-flex e-con-boxed wpr-particle-no wpr-jarallax-no wpr-parallax-no wpr-sticky-section-no e-con e-parent\" data-id=\"91752df\" data-element_type=\"container\" data-e-type=\"container\" data-settings=\"{&quot;_ha_eqh_enable&quot;:false}\">\n\t\t\t\t\t<div class=\"e-con-inner\">\n\t\t<div class=\"elementor-element elementor-element-468fb04 e-con-full e-flex wpr-particle-no wpr-jarallax-no wpr-parallax-no wpr-sticky-section-no e-con e-child\" data-id=\"468fb04\" data-element_type=\"container\" data-e-type=\"container\" data-settings=\"{&quot;_ha_eqh_enable&quot;:false}\">\n\t\t\t\t<div class=\"elementor-element elementor-element-451ea0d elementor-widget__width-initial elementor-widget elementor-widget-heading\" data-id=\"451ea0d\" data-element_type=\"widget\" data-e-type=\"widget\" data-widget_type=\"heading.default\">\n\t\t\t\t<div class=\"elementor-widget-container\">\n\t\t\t\t\t<h2 class=\"elementor-heading-title elementor-size-default\">VALORES<\/h2>\t\t\t\t<\/div>\n\t\t\t\t<\/div>\n\t\t\t\t<div class=\"elementor-element elementor-element-f41fc1e elementor-widget__width-initial elementor-widget elementor-widget-text-editor\" data-id=\"f41fc1e\" data-element_type=\"widget\" data-e-type=\"widget\" data-widget_type=\"text-editor.default\">\n\t\t\t\t<div class=\"elementor-widget-container\">\n\t\t\t\t\t\t\t\t\t<ul><li data-start=\"594\" data-end=\"632\"><p data-start=\"596\" data-end=\"632\">Respeito aos clientes e parceiros;<\/p><\/li><li data-start=\"633\" data-end=\"663\"><p data-start=\"635\" data-end=\"663\">Respeito ao meio ambiente;<\/p><\/li><li data-start=\"664\" data-end=\"692\"><p data-start=\"666\" data-end=\"692\">Responsabilidade social;<\/p><\/li><li data-start=\"693\" data-end=\"720\"><p data-start=\"695\" data-end=\"720\">Excel\u00eancia e qualidade;<\/p><\/li><li data-start=\"721\" data-end=\"753\"><p data-start=\"723\" data-end=\"753\">Respeito \u00e0s normas em vigor;<\/p><\/li><li data-start=\"754\" data-end=\"776\"><p data-start=\"756\" data-end=\"776\">Melhoria cont\u00ednua;<\/p><\/li><li data-start=\"777\" data-end=\"800\"><p data-start=\"779\" data-end=\"800\">Dedica\u00e7\u00e3o e trabalho.<\/p><\/li><\/ul>\t\t\t\t\t\t\t\t<\/div>\n\t\t\t\t<\/div>\n\t\t\t\t<\/div>\n\t\t<div class=\"elementor-element elementor-element-253e59a e-con-full e-flex wpr-particle-no wpr-jarallax-no wpr-parallax-no wpr-sticky-section-no e-con e-child\" data-id=\"253e59a\" data-element_type=\"container\" data-e-type=\"container\" data-settings=\"{&quot;_ha_eqh_enable&quot;:false}\">\n\t\t\t\t<div class=\"elementor-element elementor-element-5f4b243 elementor-widget__width-initial elementor-widget elementor-widget-image\" data-id=\"5f4b243\" data-element_type=\"widget\" data-e-type=\"widget\" data-widget_type=\"image.default\">\n\t\t\t\t<div class=\"elementor-widget-container\">\n\t\t\t\t\t\t\t\t\t\t\t\t\t\t\t<img fetchpriority=\"high\" decoding=\"async\" width=\"800\" height=\"583\" src=\"https:\/\/raioxprox.com.br\/site\/wp-content\/uploads\/2025\/05\/quemsomos.png\" class=\"attachment-large size-large wp-image-358\" alt=\"\" srcset=\"https:\/\/raioxprox.com.br\/site\/wp-content\/uploads\/2025\/05\/quemsomos.png 800w, https:\/\/raioxprox.com.br\/site\/wp-content\/uploads\/2025\/05\/quemsomos-300x219.png 300w, https:\/\/raioxprox.com.br\/site\/wp-content\/uploads\/2025\/05\/quemsomos-768x560.png 768w\" sizes=\"(max-width: 800px) 100vw, 800px\" \/>\t\t\t\t\t\t\t\t\t\t\t\t\t\t\t<\/div>\n\t\t\t\t<\/div>\n\t\t\t\t<\/div>\n\t\t\t\t\t<\/div>\n\t\t\t\t<\/div>\n\t\t<div class=\"elementor-element elementor-element-295e1a7 e-flex e-con-boxed wpr-particle-no wpr-jarallax-no wpr-parallax-no wpr-sticky-section-no e-con e-parent\" data-id=\"295e1a7\" data-element_type=\"container\" data-e-type=\"container\" data-settings=\"{&quot;_ha_eqh_enable&quot;:false}\">\n\t\t\t\t\t<div class=\"e-con-inner\">\n\t\t<div class=\"elementor-element elementor-element-bd26e4b e-flex e-con-boxed wpr-particle-no wpr-jarallax-no wpr-parallax-no wpr-sticky-section-no e-con e-child\" data-id=\"bd26e4b\" data-element_type=\"container\" data-e-type=\"container\" data-settings=\"{&quot;_ha_eqh_enable&quot;:false}\">\n\t\t\t\t\t<div class=\"e-con-inner\">\n\t\t\t\t<div class=\"elementor-element elementor-element-592001e elementor-widget__width-initial elementor-mobile-align-center elementor-widget elementor-widget-button\" data-id=\"592001e\" data-element_type=\"widget\" data-e-type=\"widget\" data-widget_type=\"button.default\">\n\t\t\t\t<div class=\"elementor-widget-container\">\n\t\t\t\t\t\t\t\t\t<div class=\"elementor-button-wrapper\">\n\t\t\t\t\t<a class=\"elementor-button elementor-button-link elementor-size-sm\" href=\"https:\/\/raioxprox.com.br\/site\/contato\/\">\n\t\t\t\t\t\t<span class=\"elementor-button-content-wrapper\">\n\t\t\t\t\t\t\t\t\t<span class=\"elementor-button-text\">Entre em contato conosco<\/span>\n\t\t\t\t\t<\/span>\n\t\t\t\t\t<\/a>\n\t\t\t\t<\/div>\n\t\t\t\t\t\t\t\t<\/div>\n\t\t\t\t<\/div>\n\t\t\t\t\t<\/div>\n\t\t\t\t<\/div>\n\t\t\t\t\t<\/div>\n\t\t\t\t<\/div>\n\t\t\t\t<\/div>\n\t\t","protected":false},"excerpt":{"rendered":"<p>Quem somos A Pro-X se destaca como uma das principais fabricantes de equipamentos odontol\u00f3gicos, especializada em tecnologias avan\u00e7adas de Raio-X. Com s\u00f3lida atua\u00e7\u00e3o no mercado brasileiro, a empresa \u00e9 reconhecida por atender os mais exigentes profissionais e institui\u00e7\u00f5es do setor. Seus produtos aliam alta precis\u00e3o, confiabilidade e um criterioso padr\u00e3o de qualidade. Cada solu\u00e7\u00e3o \u00e9 projetada para oferecer alto desempenho, assegurando praticidade e seguran\u00e7a na rotina cl\u00ednica dos especialistas. Dedicada \u00e0 excel\u00eancia em todas as etapas, a Pro-X aposta constantemente em tecnologia de ponta para garantir que seus equipamentos superem as expectativas do mercado. Com uma linha de produtos que combina alta performance, resist\u00eancia e excelente rela\u00e7\u00e3o custo-benef\u00edcio, a empresa se consolida como aliada indispens\u00e1vel para cl\u00ednicas e profissionais que priorizam qualidade e efici\u00eancia na radiologia odontol\u00f3gica. miss\u00e3o Atender e superar as expectativas de nossos clientes e parceiros, fornecendo produtos com a qualidade Pro-X. Atuar com respeito, responsabilidade social e ambiental. vis\u00e3o Ser reconhecida como uma das empresas de raio-X odontol\u00f3gico mais not\u00e1veis do mercado, com o compromisso de melhoria cont\u00ednua de nossos produtos, sustentabilidade, respeito e rentabilidade em nossos neg\u00f3cios, buscando sempre comercializar equipamentos de alto padr\u00e3o de qualidade. VALORES Respeito aos clientes e parceiros; Respeito ao meio ambiente; Responsabilidade social; Excel\u00eancia e qualidade; Respeito \u00e0s normas em vigor; Melhoria cont\u00ednua; Dedica\u00e7\u00e3o e trabalho. Entre em contato conosco<\/p>\n","protected":false},"author":1,"featured_media":0,"parent":0,"menu_order":0,"comment_status":"closed","ping_status":"closed","template":"elementor_header_footer","meta":{"footnotes":""},"class_list":["post-14","page","type-page","status-publish","hentry"],"yoast_head":"<!-- This site is optimized with the Yoast SEO plugin v27.2 - https:\/\/yoast.com\/product\/yoast-seo-wordpress\/ -->\n<title>Quem Somos - Pro-X equipamentos odontol\u00f3gicos<\/title>\n<meta name=\"robots\" content=\"index, follow, max-snippet:-1, max-image-preview:large, max-video-preview:-1\" \/>\n<link rel=\"canonical\" href=\"https:\/\/raioxprox.com.br\/site\/quem-somos\/\" \/>\n<meta property=\"og:locale\" content=\"pt_BR\" \/>\n<meta property=\"og:type\" content=\"article\" \/>\n<meta property=\"og:title\" content=\"Quem Somos - Pro-X equipamentos odontol\u00f3gicos\" \/>\n<meta property=\"og:description\" content=\"Quem somos A Pro-X se destaca como uma das principais fabricantes de equipamentos odontol\u00f3gicos, especializada em tecnologias avan\u00e7adas de Raio-X. Com s\u00f3lida atua\u00e7\u00e3o no mercado brasileiro, a empresa \u00e9 reconhecida por atender os mais exigentes profissionais e institui\u00e7\u00f5es do setor. Seus produtos aliam alta precis\u00e3o, confiabilidade e um criterioso padr\u00e3o de qualidade. Cada solu\u00e7\u00e3o \u00e9 projetada para oferecer alto desempenho, assegurando praticidade e seguran\u00e7a na rotina cl\u00ednica dos especialistas. Dedicada \u00e0 excel\u00eancia em todas as etapas, a Pro-X aposta constantemente em tecnologia de ponta para garantir que seus equipamentos superem as expectativas do mercado. Com uma linha de produtos que combina alta performance, resist\u00eancia e excelente rela\u00e7\u00e3o custo-benef\u00edcio, a empresa se consolida como aliada indispens\u00e1vel para cl\u00ednicas e profissionais que priorizam qualidade e efici\u00eancia na radiologia odontol\u00f3gica. miss\u00e3o Atender e superar as expectativas de nossos clientes e parceiros, fornecendo produtos com a qualidade Pro-X. Atuar com respeito, responsabilidade social e ambiental. vis\u00e3o Ser reconhecida como uma das empresas de raio-X odontol\u00f3gico mais not\u00e1veis do mercado, com o compromisso de melhoria cont\u00ednua de nossos produtos, sustentabilidade, respeito e rentabilidade em nossos neg\u00f3cios, buscando sempre comercializar equipamentos de alto padr\u00e3o de qualidade. VALORES Respeito aos clientes e parceiros; Respeito ao meio ambiente; Responsabilidade social; Excel\u00eancia e qualidade; Respeito \u00e0s normas em vigor; Melhoria cont\u00ednua; Dedica\u00e7\u00e3o e trabalho. Entre em contato conosco\" \/>\n<meta property=\"og:url\" content=\"https:\/\/raioxprox.com.br\/site\/quem-somos\/\" \/>\n<meta property=\"og:site_name\" content=\"Pro-X equipamentos odontol\u00f3gicos\" \/>\n<meta property=\"article:modified_time\" content=\"2026-02-10T19:40:58+00:00\" \/>\n<meta property=\"og:image\" content=\"https:\/\/raioxprox.com.br\/site\/wp-content\/uploads\/2025\/05\/quemsomos.png\" \/>\n\t<meta property=\"og:image:width\" content=\"800\" \/>\n\t<meta property=\"og:image:height\" content=\"583\" \/>\n\t<meta property=\"og:image:type\" content=\"image\/png\" \/>\n<meta name=\"twitter:card\" content=\"summary_large_image\" \/>\n<meta name=\"twitter:label1\" content=\"Est. tempo de leitura\" \/>\n\t<meta name=\"twitter:data1\" content=\"2 minutos\" \/>\n<!-- \/ Yoast SEO plugin. -->","yoast_head_json":{"title":"Quem Somos - Pro-X equipamentos odontol\u00f3gicos","robots":{"index":"index","follow":"follow","max-snippet":"max-snippet:-1","max-image-preview":"max-image-preview:large","max-video-preview":"max-video-preview:-1"},"canonical":"https:\/\/raioxprox.com.br\/site\/quem-somos\/","og_locale":"pt_BR","og_type":"article","og_title":"Quem Somos - Pro-X equipamentos odontol\u00f3gicos","og_description":"Quem somos A Pro-X se destaca como uma das principais fabricantes de equipamentos odontol\u00f3gicos, especializada em tecnologias avan\u00e7adas de Raio-X. Com s\u00f3lida atua\u00e7\u00e3o no mercado brasileiro, a empresa \u00e9 reconhecida por atender os mais exigentes profissionais e institui\u00e7\u00f5es do setor. Seus produtos aliam alta precis\u00e3o, confiabilidade e um criterioso padr\u00e3o de qualidade. Cada solu\u00e7\u00e3o \u00e9 projetada para oferecer alto desempenho, assegurando praticidade e seguran\u00e7a na rotina cl\u00ednica dos especialistas. Dedicada \u00e0 excel\u00eancia em todas as etapas, a Pro-X aposta constantemente em tecnologia de ponta para garantir que seus equipamentos superem as expectativas do mercado. Com uma linha de produtos que combina alta performance, resist\u00eancia e excelente rela\u00e7\u00e3o custo-benef\u00edcio, a empresa se consolida como aliada indispens\u00e1vel para cl\u00ednicas e profissionais que priorizam qualidade e efici\u00eancia na radiologia odontol\u00f3gica. miss\u00e3o Atender e superar as expectativas de nossos clientes e parceiros, fornecendo produtos com a qualidade Pro-X. Atuar com respeito, responsabilidade social e ambiental. vis\u00e3o Ser reconhecida como uma das empresas de raio-X odontol\u00f3gico mais not\u00e1veis do mercado, com o compromisso de melhoria cont\u00ednua de nossos produtos, sustentabilidade, respeito e rentabilidade em nossos neg\u00f3cios, buscando sempre comercializar equipamentos de alto padr\u00e3o de qualidade. VALORES Respeito aos clientes e parceiros; Respeito ao meio ambiente; Responsabilidade social; Excel\u00eancia e qualidade; Respeito \u00e0s normas em vigor; Melhoria cont\u00ednua; Dedica\u00e7\u00e3o e trabalho. Entre em contato conosco","og_url":"https:\/\/raioxprox.com.br\/site\/quem-somos\/","og_site_name":"Pro-X equipamentos odontol\u00f3gicos","article_modified_time":"2026-02-10T19:40:58+00:00","og_image":[{"width":800,"height":583,"url":"https:\/\/raioxprox.com.br\/site\/wp-content\/uploads\/2025\/05\/quemsomos.png","type":"image\/png"}],"twitter_card":"summary_large_image","twitter_misc":{"Est. tempo de leitura":"2 minutos"},"schema":{"@context":"https:\/\/schema.org","@graph":[{"@type":"WebPage","@id":"https:\/\/raioxprox.com.br\/site\/quem-somos\/","url":"https:\/\/raioxprox.com.br\/site\/quem-somos\/","name":"Quem Somos - Pro-X equipamentos odontol\u00f3gicos","isPartOf":{"@id":"https:\/\/raioxprox.com.br\/site\/#website"},"primaryImageOfPage":{"@id":"https:\/\/raioxprox.com.br\/site\/quem-somos\/#primaryimage"},"image":{"@id":"https:\/\/raioxprox.com.br\/site\/quem-somos\/#primaryimage"},"thumbnailUrl":"https:\/\/raioxprox.com.br\/site\/wp-content\/uploads\/2025\/05\/quemsomos.png","datePublished":"2025-05-20T17:43:30+00:00","dateModified":"2026-02-10T19:40:58+00:00","breadcrumb":{"@id":"https:\/\/raioxprox.com.br\/site\/quem-somos\/#breadcrumb"},"inLanguage":"pt-BR","potentialAction":[{"@type":"ReadAction","target":["https:\/\/raioxprox.com.br\/site\/quem-somos\/"]}]},{"@type":"ImageObject","inLanguage":"pt-BR","@id":"https:\/\/raioxprox.com.br\/site\/quem-somos\/#primaryimage","url":"https:\/\/raioxprox.com.br\/site\/wp-content\/uploads\/2025\/05\/quemsomos.png","contentUrl":"https:\/\/raioxprox.com.br\/site\/wp-content\/uploads\/2025\/05\/quemsomos.png","width":800,"height":583},{"@type":"BreadcrumbList","@id":"https:\/\/raioxprox.com.br\/site\/quem-somos\/#breadcrumb","itemListElement":[{"@type":"ListItem","position":1,"name":"Home","item":"https:\/\/raioxprox.com.br\/site\/"},{"@type":"ListItem","position":2,"name":"Quem Somos"}]},{"@type":"WebSite","@id":"https:\/\/raioxprox.com.br\/site\/#website","url":"https:\/\/raioxprox.com.br\/site\/","name":"Pro-X equipamentos odontol\u00f3gicos","description":"Equipamentos de Raio-X Odontol\u00f3gicos.","publisher":{"@id":"https:\/\/raioxprox.com.br\/site\/#organization"},"potentialAction":[{"@type":"SearchAction","target":{"@type":"EntryPoint","urlTemplate":"https:\/\/raioxprox.com.br\/site\/?s={search_term_string}"},"query-input":{"@type":"PropertyValueSpecification","valueRequired":true,"valueName":"search_term_string"}}],"inLanguage":"pt-BR"},{"@type":"Organization","@id":"https:\/\/raioxprox.com.br\/site\/#organization","name":"Pro-X equipamentos odontol\u00f3gicos","url":"https:\/\/raioxprox.com.br\/site\/","logo":{"@type":"ImageObject","inLanguage":"pt-BR","@id":"https:\/\/raioxprox.com.br\/site\/#\/schema\/logo\/image\/","url":"https:\/\/raioxprox.com.br\/site\/wp-content\/uploads\/2025\/06\/prox_logo-scaled.png","contentUrl":"https:\/\/raioxprox.com.br\/site\/wp-content\/uploads\/2025\/06\/prox_logo-scaled.png","width":2560,"height":1311,"caption":"Pro-X equipamentos odontol\u00f3gicos"},"image":{"@id":"https:\/\/raioxprox.com.br\/site\/#\/schema\/logo\/image\/"},"sameAs":["https:\/\/www.instagram.com\/raioxprox"]}]}},"_links":{"self":[{"href":"https:\/\/raioxprox.com.br\/site\/wp-json\/wp\/v2\/pages\/14","targetHints":{"allow":["GET"]}}],"collection":[{"href":"https:\/\/raioxprox.com.br\/site\/wp-json\/wp\/v2\/pages"}],"about":[{"href":"https:\/\/raioxprox.com.br\/site\/wp-json\/wp\/v2\/types\/page"}],"author":[{"embeddable":true,"href":"https:\/\/raioxprox.com.br\/site\/wp-json\/wp\/v2\/users\/1"}],"replies":[{"embeddable":true,"href":"https:\/\/raioxprox.com.br\/site\/wp-json\/wp\/v2\/comments?post=14"}],"version-history":[{"count":43,"href":"https:\/\/raioxprox.com.br\/site\/wp-json\/wp\/v2\/pages\/14\/revisions"}],"predecessor-version":[{"id":1416,"href":"https:\/\/raioxprox.com.br\/site\/wp-json\/wp\/v2\/pages\/14\/revisions\/1416"}],"wp:attachment":[{"href":"https:\/\/raioxprox.com.br\/site\/wp-json\/wp\/v2\/media?parent=14"}],"curies":[{"name":"wp","href":"https:\/\/api.w.org\/{rel}","templated":true}]}}